{"id":114,"date":"2015-08-31T18:05:40","date_gmt":"2015-08-31T15:05:40","guid":{"rendered":"http:\/\/kuyumcukesesi.com\/?post_type=product&#038;p=114"},"modified":"2015-10-07T03:24:12","modified_gmt":"2015-10-07T00:24:12","slug":"ziynet-altin-taki-kesesi-fermuarli-siyah-kuyumcu-kesesi","status":"publish","type":"product","link":"https:\/\/kuyumcukesesi.com\/?product=ziynet-altin-taki-kesesi-fermuarli-siyah-kuyumcu-kesesi","title":{"rendered":"Ziynet Alt\u0131n Tak\u0131 Kesesi, Fermuarl\u0131, Siyah Kuyumcu Kesesi"},"content":{"rendered":"<p>Ziynet Alt\u0131n Tak\u0131 Kesesi,<\/p>\n<p>Fermuarl\u0131,<\/p>\n<p>Siyah<\/p>\n","protected":false},"excerpt":{"rendered":"<p>Ziynet Alt\u0131n Tak\u0131 Kesesi, Fermuarl\u0131, Siyah<\/p>\n","protected":false},"featured_media":0,"comment_status":"closed","ping_status":"closed","template":"","meta":[],"product_brand":[],"product_cat":[10],"product_tag":[11,15,18,29,16,30,14,17,12,28,13],"class_list":{"0":"post-114","1":"product","2":"type-product","3":"status-publish","5":"product_cat-promosyon-cuzdanlar","6":"product_tag-altin-kesesi","7":"product_tag-baskisiz-kese","8":"product_tag-ceyrek-altin-kesesi","9":"product_tag-fermuarli-kese","10":"product_tag-kadife-kese","11":"product_tag-kuyumcu-cuzdani","12":"product_tag-kuyumcu-kesesi","13":"product_tag-lale-kese","14":"product_tag-taki-kesesi","15":"product_tag-ziynet-cuzdani","16":"product_tag-ziynet-kesesi","18":"first","19":"instock","20":"shipping-taxable","21":"product-type-simple"},"_links":{"self":[{"href":"https:\/\/kuyumcukesesi.com\/index.php?rest_route=\/wp\/v2\/product\/114","targetHints":{"allow":["GET"]}}],"collection":[{"href":"https:\/\/kuyumcukesesi.com\/index.php?rest_route=\/wp\/v2\/product"}],"about":[{"href":"https:\/\/kuyumcukesesi.com\/index.php?rest_route=\/wp\/v2\/types\/product"}],"replies":[{"embeddable":true,"href":"https:\/\/kuyumcukesesi.com\/index.php?rest_route=%2Fwp%2Fv2%2Fcomments&post=114"}],"wp:attachment":[{"href":"https:\/\/kuyumcukesesi.com\/index.php?rest_route=%2Fwp%2Fv2%2Fmedia&parent=114"}],"wp:term":[{"taxonomy":"product_brand","embeddable":true,"href":"https:\/\/kuyumcukesesi.com\/index.php?rest_route=%2Fwp%2Fv2%2Fproduct_brand&post=114"},{"taxonomy":"product_cat","embeddable":true,"href":"https:\/\/kuyumcukesesi.com\/index.php?rest_route=%2Fwp%2Fv2%2Fproduct_cat&post=114"},{"taxonomy":"product_tag","embeddable":true,"href":"https:\/\/kuyumcukesesi.com\/index.php?rest_route=%2Fwp%2Fv2%2Fproduct_tag&post=114"}],"curies":[{"name":"wp","href":"https:\/\/api.w.org\/{rel}","templated":true}]}}