{"id":147,"date":"2019-02-21T06:08:31","date_gmt":"2019-02-21T03:08:31","guid":{"rendered":"http:\/\/kuyumcukesesi.com\/?post_type=product&#038;p=147"},"modified":"2020-02-19T15:06:26","modified_gmt":"2020-02-19T12:06:26","slug":"boru-ziynet-altin-bilezik-kesesi-kahverengi-kuyumcu-kesesi","status":"publish","type":"product","link":"https:\/\/kuyumcukesesi.com\/?product=boru-ziynet-altin-bilezik-kesesi-kahverengi-kuyumcu-kesesi","title":{"rendered":"Boru Ziynet Alt\u0131n Bilezik Kesesi, Kahverengi Kuyumcu Kesesi"},"content":{"rendered":"<p>Boru Ziynet Alt\u0131n Bilezik Kesesi, Kahverengi Kuyumcu Kesesi<\/p>\n<p>En: 10cm<\/p>\n<p>Boy: 15cm<\/p>\n<p>Not: En az sipari\u015f miktar\u0131 1000 adettir. Bask\u0131 fark\u0131 her 1000 adet i\u00e7in 400 TL\u2019dir. Sar\u0131 veya g\u00fcm\u00fc\u015f yald\u0131z bask\u0131 muhtelif renklerde serigrafi bask\u0131s\u0131 yap\u0131l\u0131r.<\/p>\n","protected":false},"excerpt":{"rendered":"<p>Boru Ziynet Alt\u0131n Bilezik Kesesi, Kahverengi Kuyumcu Kesesi En: 10cm Boy: 15cm Not: En az sipari\u015f miktar\u0131 1000 adettir. Bask\u0131 fark\u0131 her 1000 adet i\u00e7in 400 TL\u2019dir. Sar\u0131 veya g\u00fcm\u00fc\u015f yald\u0131z bask\u0131 muhtelif renklerde serigrafi bask\u0131s\u0131 yap\u0131l\u0131r.<\/p>\n","protected":false},"featured_media":0,"comment_status":"closed","ping_status":"closed","template":"","meta":[],"product_brand":[],"product_cat":[8],"product_tag":[11,15,38,40,39,14,12,13],"class_list":{"0":"post-147","1":"product","2":"type-product","3":"status-publish","5":"product_cat-kuyumcu-keseleri","6":"product_tag-altin-kesesi","7":"product_tag-baskisiz-kese","8":"product_tag-bilezik-kesesi","9":"product_tag-boru-kese","10":"product_tag-deri-kese","11":"product_tag-kuyumcu-kesesi","12":"product_tag-taki-kesesi","13":"product_tag-ziynet-kesesi","15":"first","16":"instock","17":"shipping-taxable","18":"product-type-simple"},"_links":{"self":[{"href":"https:\/\/kuyumcukesesi.com\/index.php?rest_route=\/wp\/v2\/product\/147","targetHints":{"allow":["GET"]}}],"collection":[{"href":"https:\/\/kuyumcukesesi.com\/index.php?rest_route=\/wp\/v2\/product"}],"about":[{"href":"https:\/\/kuyumcukesesi.com\/index.php?rest_route=\/wp\/v2\/types\/product"}],"replies":[{"embeddable":true,"href":"https:\/\/kuyumcukesesi.com\/index.php?rest_route=%2Fwp%2Fv2%2Fcomments&post=147"}],"wp:attachment":[{"href":"https:\/\/kuyumcukesesi.com\/index.php?rest_route=%2Fwp%2Fv2%2Fmedia&parent=147"}],"wp:term":[{"taxonomy":"product_brand","embeddable":true,"href":"https:\/\/kuyumcukesesi.com\/index.php?rest_route=%2Fwp%2Fv2%2Fproduct_brand&post=147"},{"taxonomy":"product_cat","embeddable":true,"href":"https:\/\/kuyumcukesesi.com\/index.php?rest_route=%2Fwp%2Fv2%2Fproduct_cat&post=147"},{"taxonomy":"product_tag","embeddable":true,"href":"https:\/\/kuyumcukesesi.com\/index.php?rest_route=%2Fwp%2Fv2%2Fproduct_tag&post=147"}],"curies":[{"name":"wp","href":"https:\/\/api.w.org\/{rel}","templated":true}]}}