{"id":156,"date":"2019-02-21T06:21:21","date_gmt":"2019-02-21T03:21:21","guid":{"rendered":"http:\/\/kuyumcukesesi.com\/?post_type=product&#038;p=156"},"modified":"2020-02-19T15:02:53","modified_gmt":"2020-02-19T12:02:53","slug":"fermuarli-altin-bilezik-taki-cuzdani-kahverengi-kuyumcu-cuzdani","status":"publish","type":"product","link":"https:\/\/kuyumcukesesi.com\/?product=fermuarli-altin-bilezik-taki-cuzdani-kahverengi-kuyumcu-cuzdani","title":{"rendered":"Fermuarl\u0131 Alt\u0131n Bilezik Tak\u0131 C\u00fczdan\u0131, Kahverengi Kuyumcu C\u00fczdan\u0131"},"content":{"rendered":"<p>Fermuarl\u0131 Alt\u0131n Bilezik Tak\u0131 C\u00fczdan\u0131, Kahverengi Kuyumcu C\u00fczdan\u0131<\/p>\n<p>En: 11cm<\/p>\n<p>Boy: 19cm<\/p>\n<p>Not: En az sipari\u015f miktar\u0131 1000 adettir. Bask\u0131 fark\u0131 her 1000 adet i\u00e7in 400 TL\u2019dir. Sar\u0131 veya g\u00fcm\u00fc\u015f yald\u0131z bask\u0131 muhtelif renklerde serigrafi bask\u0131s\u0131 yap\u0131l\u0131r.<\/p>\n","protected":false},"excerpt":{"rendered":"<p>Fermuarl\u0131 Alt\u0131n Bilezik Tak\u0131 C\u00fczdan\u0131, Kahverengi Kuyumcu C\u00fczdan\u0131 En: 11cm Boy: 19cm Not: En az sipari\u015f miktar\u0131 1000 adettir. Bask\u0131 fark\u0131 her 1000 adet i\u00e7in 400 TL\u2019dir. Sar\u0131 veya g\u00fcm\u00fc\u015f yald\u0131z bask\u0131 muhtelif renklerde serigrafi bask\u0131s\u0131 yap\u0131l\u0131r.<\/p>\n","protected":false},"featured_media":0,"comment_status":"closed","ping_status":"closed","template":"","meta":[],"product_brand":[],"product_cat":[9],"product_tag":[37,30,36,28],"class_list":{"0":"post-156","1":"product","2":"type-product","3":"status-publish","5":"product_cat-altin-cuzdani","6":"product_tag-altin-cuzdani","7":"product_tag-kuyumcu-cuzdani","8":"product_tag-taki-cuzdani","9":"product_tag-ziynet-cuzdani","11":"first","12":"instock","13":"featured","14":"shipping-taxable","15":"product-type-simple"},"_links":{"self":[{"href":"https:\/\/kuyumcukesesi.com\/index.php?rest_route=\/wp\/v2\/product\/156","targetHints":{"allow":["GET"]}}],"collection":[{"href":"https:\/\/kuyumcukesesi.com\/index.php?rest_route=\/wp\/v2\/product"}],"about":[{"href":"https:\/\/kuyumcukesesi.com\/index.php?rest_route=\/wp\/v2\/types\/product"}],"replies":[{"embeddable":true,"href":"https:\/\/kuyumcukesesi.com\/index.php?rest_route=%2Fwp%2Fv2%2Fcomments&post=156"}],"wp:attachment":[{"href":"https:\/\/kuyumcukesesi.com\/index.php?rest_route=%2Fwp%2Fv2%2Fmedia&parent=156"}],"wp:term":[{"taxonomy":"product_brand","embeddable":true,"href":"https:\/\/kuyumcukesesi.com\/index.php?rest_route=%2Fwp%2Fv2%2Fproduct_brand&post=156"},{"taxonomy":"product_cat","embeddable":true,"href":"https:\/\/kuyumcukesesi.com\/index.php?rest_route=%2Fwp%2Fv2%2Fproduct_cat&post=156"},{"taxonomy":"product_tag","embeddable":true,"href":"https:\/\/kuyumcukesesi.com\/index.php?rest_route=%2Fwp%2Fv2%2Fproduct_tag&post=156"}],"curies":[{"name":"wp","href":"https:\/\/api.w.org\/{rel}","templated":true}]}}