{"id":167,"date":"2019-02-21T06:28:54","date_gmt":"2019-02-21T03:28:54","guid":{"rendered":"http:\/\/kuyumcukesesi.com\/?post_type=product&#038;p=167"},"modified":"2020-02-19T15:01:23","modified_gmt":"2020-02-19T12:01:23","slug":"altin-bilezik-taki-cantasi-suni-deri-kahverengi-kuyumcu-cantasi","status":"publish","type":"product","link":"https:\/\/kuyumcukesesi.com\/?product=altin-bilezik-taki-cantasi-suni-deri-kahverengi-kuyumcu-cantasi","title":{"rendered":"Alt\u0131n Bilezik Tak\u0131 \u00c7antas\u0131, Suni Deri, Kahverengi Kuyumcu \u00c7antas\u0131"},"content":{"rendered":"<p>Alt\u0131n Bilezik Tak\u0131 \u00c7antas\u0131, Suni Deri, Kahverengi Kuyumcu \u00c7antas\u0131<br \/>\nEn: 30cm<\/p>\n<p>Boy: 30cm<\/p>\n<p>Not: En az sipari\u015f miktar\u0131 1000 adettir. Bask\u0131 fark\u0131 her 1000 adet i\u00e7in 400 TL\u2019dir. Sar\u0131 veya g\u00fcm\u00fc\u015f yald\u0131z bask\u0131 muhtelif renklerde serigrafi bask\u0131s\u0131 yap\u0131l\u0131r.<\/p>\n","protected":false},"excerpt":{"rendered":"<p>Alt\u0131n Bilezik Tak\u0131 \u00c7antas\u0131, Suni Deri, Kahverengi Kuyumcu \u00c7antas\u0131 En: 30cm Boy: 30cm Not: En az sipari\u015f miktar\u0131 1000 adettir. Bask\u0131 fark\u0131 her 1000 adet i\u00e7in 400 TL\u2019dir. Sar\u0131 veya g\u00fcm\u00fc\u015f yald\u0131z bask\u0131 muhtelif renklerde serigrafi bask\u0131s\u0131 yap\u0131l\u0131r.<\/p>\n","protected":false},"featured_media":0,"comment_status":"closed","ping_status":"closed","template":"","meta":[],"product_brand":[],"product_cat":[31],"product_tag":[34,35,33,13],"class_list":{"0":"post-167","1":"product","2":"type-product","3":"status-publish","5":"product_cat-taki-cantasi","6":"product_tag-altin-cantasi","7":"product_tag-kuyumcu-cantasi","8":"product_tag-ziynet-cantasi","9":"product_tag-ziynet-kesesi","11":"first","12":"instock","13":"shipping-taxable","14":"product-type-simple"},"_links":{"self":[{"href":"https:\/\/kuyumcukesesi.com\/index.php?rest_route=\/wp\/v2\/product\/167","targetHints":{"allow":["GET"]}}],"collection":[{"href":"https:\/\/kuyumcukesesi.com\/index.php?rest_route=\/wp\/v2\/product"}],"about":[{"href":"https:\/\/kuyumcukesesi.com\/index.php?rest_route=\/wp\/v2\/types\/product"}],"replies":[{"embeddable":true,"href":"https:\/\/kuyumcukesesi.com\/index.php?rest_route=%2Fwp%2Fv2%2Fcomments&post=167"}],"wp:attachment":[{"href":"https:\/\/kuyumcukesesi.com\/index.php?rest_route=%2Fwp%2Fv2%2Fmedia&parent=167"}],"wp:term":[{"taxonomy":"product_brand","embeddable":true,"href":"https:\/\/kuyumcukesesi.com\/index.php?rest_route=%2Fwp%2Fv2%2Fproduct_brand&post=167"},{"taxonomy":"product_cat","embeddable":true,"href":"https:\/\/kuyumcukesesi.com\/index.php?rest_route=%2Fwp%2Fv2%2Fproduct_cat&post=167"},{"taxonomy":"product_tag","embeddable":true,"href":"https:\/\/kuyumcukesesi.com\/index.php?rest_route=%2Fwp%2Fv2%2Fproduct_tag&post=167"}],"curies":[{"name":"wp","href":"https:\/\/api.w.org\/{rel}","templated":true}]}}