{"id":23,"date":"2015-05-16T01:22:57","date_gmt":"2015-05-15T22:22:57","guid":{"rendered":"http:\/\/kuyumcukesesi.com\/?post_type=product&#038;p=23"},"modified":"2026-02-25T17:18:05","modified_gmt":"2026-02-25T14:18:05","slug":"1-nolu-ceyrek-ziynet-altin-taki-kesesi-baskisiz-kuyumcu-kesesi","status":"publish","type":"product","link":"https:\/\/kuyumcukesesi.com\/?product=1-nolu-ceyrek-ziynet-altin-taki-kesesi-baskisiz-kuyumcu-kesesi","title":{"rendered":"1 Nolu \u00c7eyrek Ziynet Alt\u0131n Tak\u0131 Kesesi &#8211; Bask\u0131s\u0131z Kuyumcu Kesesi"},"content":{"rendered":"<p>1 Nolu \u00c7eyrek Ziynet Alt\u0131n Tak\u0131 Kesesi: K\u0131rm\u0131z\u0131, kadife lale yerli ve ithal bask\u0131s\u0131z kese.<\/p>\n<p>Not: En az sipari\u015f miktar\u0131 1000 adettir. Alt\u0131n Yald\u0131z Bask\u0131 fark\u0131 her 1000 adet\u00a0i\u00e7in 400 TL&#8217;dir.<\/p>\n","protected":false},"excerpt":{"rendered":"<p>1 Nolu \u00c7eyrek Ziynet Alt\u0131n Tak\u0131 Kesesi: K\u0131rm\u0131z\u0131, kadife lale yerli ve ithal bask\u0131s\u0131z kese. Not: En az sipari\u015f miktar\u0131 1000 adettir. Alt\u0131n Yald\u0131z Bask\u0131 fark\u0131 her 1000 adet\u00a0i\u00e7in 400 TL&#8217;dir.<\/p>\n","protected":false},"featured_media":0,"comment_status":"open","ping_status":"closed","template":"","meta":[],"product_brand":[],"product_cat":[8],"product_tag":[11,15,18,16,14,17,12,13],"class_list":{"0":"post-23","1":"product","2":"type-product","3":"status-publish","5":"product_cat-kuyumcu-keseleri","6":"product_tag-altin-kesesi","7":"product_tag-baskisiz-kese","8":"product_tag-ceyrek-altin-kesesi","9":"product_tag-kadife-kese","10":"product_tag-kuyumcu-kesesi","11":"product_tag-lale-kese","12":"product_tag-taki-kesesi","13":"product_tag-ziynet-kesesi","15":"first","16":"instock","17":"featured","18":"shipping-taxable","19":"product-type-simple"},"_links":{"self":[{"href":"https:\/\/kuyumcukesesi.com\/index.php?rest_route=\/wp\/v2\/product\/23","targetHints":{"allow":["GET"]}}],"collection":[{"href":"https:\/\/kuyumcukesesi.com\/index.php?rest_route=\/wp\/v2\/product"}],"about":[{"href":"https:\/\/kuyumcukesesi.com\/index.php?rest_route=\/wp\/v2\/types\/product"}],"replies":[{"embeddable":true,"href":"https:\/\/kuyumcukesesi.com\/index.php?rest_route=%2Fwp%2Fv2%2Fcomments&post=23"}],"wp:attachment":[{"href":"https:\/\/kuyumcukesesi.com\/index.php?rest_route=%2Fwp%2Fv2%2Fmedia&parent=23"}],"wp:term":[{"taxonomy":"product_brand","embeddable":true,"href":"https:\/\/kuyumcukesesi.com\/index.php?rest_route=%2Fwp%2Fv2%2Fproduct_brand&post=23"},{"taxonomy":"product_cat","embeddable":true,"href":"https:\/\/kuyumcukesesi.com\/index.php?rest_route=%2Fwp%2Fv2%2Fproduct_cat&post=23"},{"taxonomy":"product_tag","embeddable":true,"href":"https:\/\/kuyumcukesesi.com\/index.php?rest_route=%2Fwp%2Fv2%2Fproduct_tag&post=23"}],"curies":[{"name":"wp","href":"https:\/\/api.w.org\/{rel}","templated":true}]}}