{"id":239,"date":"2021-05-28T22:30:51","date_gmt":"2021-05-28T19:30:51","guid":{"rendered":"http:\/\/kuyumcukesesi.com\/?post_type=product&#038;p=239"},"modified":"2021-05-28T22:30:51","modified_gmt":"2021-05-28T19:30:51","slug":"renkli-kadife-ceyrek-altin-kesesi","status":"publish","type":"product","link":"https:\/\/kuyumcukesesi.com\/?product=renkli-kadife-ceyrek-altin-kesesi","title":{"rendered":"Renkli Kadife \u00c7eyrek Alt\u0131n Kesesi"},"content":{"rendered":"<p>Renkli Kadife \u00c7eyrek Alt\u0131n Kesesi<\/p>\n","protected":false},"excerpt":{"rendered":"<p>Renkli Kadife \u00c7eyrek Alt\u0131n Kesesi<\/p>\n","protected":false},"featured_media":0,"comment_status":"closed","ping_status":"closed","template":"","meta":[],"product_brand":[],"product_cat":[73],"product_tag":[],"class_list":{"0":"post-239","1":"product","2":"type-product","3":"status-publish","5":"product_cat-genel","7":"first","8":"instock","9":"shipping-taxable","10":"product-type-simple"},"_links":{"self":[{"href":"https:\/\/kuyumcukesesi.com\/index.php?rest_route=\/wp\/v2\/product\/239","targetHints":{"allow":["GET"]}}],"collection":[{"href":"https:\/\/kuyumcukesesi.com\/index.php?rest_route=\/wp\/v2\/product"}],"about":[{"href":"https:\/\/kuyumcukesesi.com\/index.php?rest_route=\/wp\/v2\/types\/product"}],"replies":[{"embeddable":true,"href":"https:\/\/kuyumcukesesi.com\/index.php?rest_route=%2Fwp%2Fv2%2Fcomments&post=239"}],"wp:attachment":[{"href":"https:\/\/kuyumcukesesi.com\/index.php?rest_route=%2Fwp%2Fv2%2Fmedia&parent=239"}],"wp:term":[{"taxonomy":"product_brand","embeddable":true,"href":"https:\/\/kuyumcukesesi.com\/index.php?rest_route=%2Fwp%2Fv2%2Fproduct_brand&post=239"},{"taxonomy":"product_cat","embeddable":true,"href":"https:\/\/kuyumcukesesi.com\/index.php?rest_route=%2Fwp%2Fv2%2Fproduct_cat&post=239"},{"taxonomy":"product_tag","embeddable":true,"href":"https:\/\/kuyumcukesesi.com\/index.php?rest_route=%2Fwp%2Fv2%2Fproduct_tag&post=239"}],"curies":[{"name":"wp","href":"https:\/\/api.w.org\/{rel}","templated":true}]}}