{"id":245,"date":"2021-05-28T22:32:44","date_gmt":"2021-05-28T19:32:44","guid":{"rendered":"http:\/\/kuyumcukesesi.com\/?post_type=product&#038;p=245"},"modified":"2021-05-28T22:32:44","modified_gmt":"2021-05-28T19:32:44","slug":"suet-2-nolu-taki-kesesi","status":"publish","type":"product","link":"https:\/\/kuyumcukesesi.com\/?product=suet-2-nolu-taki-kesesi","title":{"rendered":"S\u00fcet 2 Nolu Tak\u0131 Kesesi"},"content":{"rendered":"<p>S\u00fcet 2 Nolu Tak\u0131 Kesesi<\/p>\n","protected":false},"excerpt":{"rendered":"<p>S\u00fcet 2 Nolu Tak\u0131 Kesesi<\/p>\n","protected":false},"featured_media":0,"comment_status":"closed","ping_status":"closed","template":"","meta":[],"product_brand":[],"product_cat":[73],"product_tag":[],"class_list":{"0":"post-245","1":"product","2":"type-product","3":"status-publish","5":"product_cat-genel","7":"first","8":"instock","9":"shipping-taxable","10":"product-type-simple"},"_links":{"self":[{"href":"https:\/\/kuyumcukesesi.com\/index.php?rest_route=\/wp\/v2\/product\/245","targetHints":{"allow":["GET"]}}],"collection":[{"href":"https:\/\/kuyumcukesesi.com\/index.php?rest_route=\/wp\/v2\/product"}],"about":[{"href":"https:\/\/kuyumcukesesi.com\/index.php?rest_route=\/wp\/v2\/types\/product"}],"replies":[{"embeddable":true,"href":"https:\/\/kuyumcukesesi.com\/index.php?rest_route=%2Fwp%2Fv2%2Fcomments&post=245"}],"wp:attachment":[{"href":"https:\/\/kuyumcukesesi.com\/index.php?rest_route=%2Fwp%2Fv2%2Fmedia&parent=245"}],"wp:term":[{"taxonomy":"product_brand","embeddable":true,"href":"https:\/\/kuyumcukesesi.com\/index.php?rest_route=%2Fwp%2Fv2%2Fproduct_brand&post=245"},{"taxonomy":"product_cat","embeddable":true,"href":"https:\/\/kuyumcukesesi.com\/index.php?rest_route=%2Fwp%2Fv2%2Fproduct_cat&post=245"},{"taxonomy":"product_tag","embeddable":true,"href":"https:\/\/kuyumcukesesi.com\/index.php?rest_route=%2Fwp%2Fv2%2Fproduct_tag&post=245"}],"curies":[{"name":"wp","href":"https:\/\/api.w.org\/{rel}","templated":true}]}}