{"id":42,"date":"2015-08-26T02:42:47","date_gmt":"2015-08-25T23:42:47","guid":{"rendered":"http:\/\/kuyumcukesesi.com\/?post_type=product&#038;p=42"},"modified":"2015-10-07T03:38:31","modified_gmt":"2015-10-07T00:38:31","slug":"lale-ceyrek-ziynet-altin-taki-kesesi-kadife-pembe-kuyumcu-kesesi","status":"publish","type":"product","link":"https:\/\/kuyumcukesesi.com\/?product=lale-ceyrek-ziynet-altin-taki-kesesi-kadife-pembe-kuyumcu-kesesi","title":{"rendered":"Lale \u00c7eyrek Ziynet Alt\u0131n Tak\u0131 Kesesi, Kadife, Pembe Kuyumcu Kesesi"},"content":{"rendered":"<p>Lale \u00c7eyrek Ziynet Alt\u0131n Tak\u0131 Kesesi, Kadife, Pembe<\/p>\n<p>Kadife<\/p>\n<p>Pembe<\/p>\n<p>&nbsp;<\/p>\n","protected":false},"excerpt":{"rendered":"<p>Lale \u00c7eyrek Ziynet Alt\u0131n Tak\u0131 Kesesi, Kadife, Pembe Kadife Pembe &nbsp;<\/p>\n","protected":false},"featured_media":0,"comment_status":"closed","ping_status":"closed","template":"","meta":[],"product_brand":[],"product_cat":[8],"product_tag":[11,18,16,14,17,12,13],"class_list":{"0":"post-42","1":"product","2":"type-product","3":"status-publish","5":"product_cat-kuyumcu-keseleri","6":"product_tag-altin-kesesi","7":"product_tag-ceyrek-altin-kesesi","8":"product_tag-kadife-kese","9":"product_tag-kuyumcu-kesesi","10":"product_tag-lale-kese","11":"product_tag-taki-kesesi","12":"product_tag-ziynet-kesesi","14":"first","15":"instock","16":"featured","17":"shipping-taxable","18":"product-type-simple"},"_links":{"self":[{"href":"https:\/\/kuyumcukesesi.com\/index.php?rest_route=\/wp\/v2\/product\/42","targetHints":{"allow":["GET"]}}],"collection":[{"href":"https:\/\/kuyumcukesesi.com\/index.php?rest_route=\/wp\/v2\/product"}],"about":[{"href":"https:\/\/kuyumcukesesi.com\/index.php?rest_route=\/wp\/v2\/types\/product"}],"replies":[{"embeddable":true,"href":"https:\/\/kuyumcukesesi.com\/index.php?rest_route=%2Fwp%2Fv2%2Fcomments&post=42"}],"wp:attachment":[{"href":"https:\/\/kuyumcukesesi.com\/index.php?rest_route=%2Fwp%2Fv2%2Fmedia&parent=42"}],"wp:term":[{"taxonomy":"product_brand","embeddable":true,"href":"https:\/\/kuyumcukesesi.com\/index.php?rest_route=%2Fwp%2Fv2%2Fproduct_brand&post=42"},{"taxonomy":"product_cat","embeddable":true,"href":"https:\/\/kuyumcukesesi.com\/index.php?rest_route=%2Fwp%2Fv2%2Fproduct_cat&post=42"},{"taxonomy":"product_tag","embeddable":true,"href":"https:\/\/kuyumcukesesi.com\/index.php?rest_route=%2Fwp%2Fv2%2Fproduct_tag&post=42"}],"curies":[{"name":"wp","href":"https:\/\/api.w.org\/{rel}","templated":true}]}}