{"id":46,"date":"2015-08-26T20:00:03","date_gmt":"2015-08-26T17:00:03","guid":{"rendered":"http:\/\/kuyumcukesesi.com\/?post_type=product&#038;p=46"},"modified":"2015-10-07T03:38:12","modified_gmt":"2015-10-07T00:38:12","slug":"kare-ziynet-altin-taki-kesesi-kadife-kirmizi-kuyumcu-kesesi","status":"publish","type":"product","link":"https:\/\/kuyumcukesesi.com\/?product=kare-ziynet-altin-taki-kesesi-kadife-kirmizi-kuyumcu-kesesi","title":{"rendered":"Kare Ziynet Alt\u0131n Tak\u0131 Kesesi, Kadife, K\u0131rm\u0131z\u0131 Kuyumcu Kesesi"},"content":{"rendered":"<p>Kare Ziynet Alt\u0131n Tak\u0131 Kesesi,<\/p>\n<p>Kadife,<\/p>\n<p>K\u0131rm\u0131z\u0131<\/p>\n<p>En: 11 cm, Boy: 13 cm<\/p>\n<p>Alt\u0131n yald\u0131z bask\u0131l\u0131.<\/p>\n<p>&nbsp;<\/p>\n","protected":false},"excerpt":{"rendered":"<p>Kare Ziynet Alt\u0131n Tak\u0131 Kesesi, Kadife, K\u0131rm\u0131z\u0131 En: 11 cm, Boy: 13 cm Alt\u0131n yald\u0131z bask\u0131l\u0131. &nbsp;<\/p>\n","protected":false},"featured_media":0,"comment_status":"closed","ping_status":"closed","template":"","meta":[],"product_brand":[],"product_cat":[8],"product_tag":[11,18,16,26,27,14,12,13],"class_list":{"0":"post-46","1":"product","2":"type-product","3":"status-publish","5":"product_cat-kuyumcu-keseleri","6":"product_tag-altin-kesesi","7":"product_tag-ceyrek-altin-kesesi","8":"product_tag-kadife-kese","9":"product_tag-kare-kese","10":"product_tag-kare-kuyumcu-kesesi","11":"product_tag-kuyumcu-kesesi","12":"product_tag-taki-kesesi","13":"product_tag-ziynet-kesesi","15":"first","16":"instock","17":"featured","18":"shipping-taxable","19":"product-type-simple"},"_links":{"self":[{"href":"https:\/\/kuyumcukesesi.com\/index.php?rest_route=\/wp\/v2\/product\/46","targetHints":{"allow":["GET"]}}],"collection":[{"href":"https:\/\/kuyumcukesesi.com\/index.php?rest_route=\/wp\/v2\/product"}],"about":[{"href":"https:\/\/kuyumcukesesi.com\/index.php?rest_route=\/wp\/v2\/types\/product"}],"replies":[{"embeddable":true,"href":"https:\/\/kuyumcukesesi.com\/index.php?rest_route=%2Fwp%2Fv2%2Fcomments&post=46"}],"wp:attachment":[{"href":"https:\/\/kuyumcukesesi.com\/index.php?rest_route=%2Fwp%2Fv2%2Fmedia&parent=46"}],"wp:term":[{"taxonomy":"product_brand","embeddable":true,"href":"https:\/\/kuyumcukesesi.com\/index.php?rest_route=%2Fwp%2Fv2%2Fproduct_brand&post=46"},{"taxonomy":"product_cat","embeddable":true,"href":"https:\/\/kuyumcukesesi.com\/index.php?rest_route=%2Fwp%2Fv2%2Fproduct_cat&post=46"},{"taxonomy":"product_tag","embeddable":true,"href":"https:\/\/kuyumcukesesi.com\/index.php?rest_route=%2Fwp%2Fv2%2Fproduct_tag&post=46"}],"curies":[{"name":"wp","href":"https:\/\/api.w.org\/{rel}","templated":true}]}}