{"id":48,"date":"2015-08-26T20:20:02","date_gmt":"2015-08-26T17:20:02","guid":{"rendered":"http:\/\/kuyumcukesesi.com\/?post_type=product&#038;p=48"},"modified":"2015-10-07T03:37:54","modified_gmt":"2015-10-07T00:37:54","slug":"ziynet-altin-taki-kesesi-kadife-kirmizi-kuyumcu-kesesi","status":"publish","type":"product","link":"https:\/\/kuyumcukesesi.com\/?product=ziynet-altin-taki-kesesi-kadife-kirmizi-kuyumcu-kesesi","title":{"rendered":"Ziynet Alt\u0131n Tak\u0131 Kesesi, Kadife, Bordo Kuyumcu Kesesi"},"content":{"rendered":"<p>Ziynet Alt\u0131n Tak\u0131 Kesesi,<\/p>\n<p>Kadife,<\/p>\n<p>Bordo<\/p>\n<p>En: 16 cm, Boy: 23 cm.<\/p>\n","protected":false},"excerpt":{"rendered":"<p>Ziynet Alt\u0131n Tak\u0131 Kesesi, Kadife, Bordo En: 16 cm, Boy: 23 cm.<\/p>\n","protected":false},"featured_media":0,"comment_status":"closed","ping_status":"closed","template":"","meta":[],"product_brand":[],"product_cat":[8],"product_tag":[11,18,16,26,27,14,12,13],"class_list":{"0":"post-48","1":"product","2":"type-product","3":"status-publish","5":"product_cat-kuyumcu-keseleri","6":"product_tag-altin-kesesi","7":"product_tag-ceyrek-altin-kesesi","8":"product_tag-kadife-kese","9":"product_tag-kare-kese","10":"product_tag-kare-kuyumcu-kesesi","11":"product_tag-kuyumcu-kesesi","12":"product_tag-taki-kesesi","13":"product_tag-ziynet-kesesi","15":"first","16":"instock","17":"featured","18":"shipping-taxable","19":"product-type-simple"},"_links":{"self":[{"href":"https:\/\/kuyumcukesesi.com\/index.php?rest_route=\/wp\/v2\/product\/48","targetHints":{"allow":["GET"]}}],"collection":[{"href":"https:\/\/kuyumcukesesi.com\/index.php?rest_route=\/wp\/v2\/product"}],"about":[{"href":"https:\/\/kuyumcukesesi.com\/index.php?rest_route=\/wp\/v2\/types\/product"}],"replies":[{"embeddable":true,"href":"https:\/\/kuyumcukesesi.com\/index.php?rest_route=%2Fwp%2Fv2%2Fcomments&post=48"}],"wp:attachment":[{"href":"https:\/\/kuyumcukesesi.com\/index.php?rest_route=%2Fwp%2Fv2%2Fmedia&parent=48"}],"wp:term":[{"taxonomy":"product_brand","embeddable":true,"href":"https:\/\/kuyumcukesesi.com\/index.php?rest_route=%2Fwp%2Fv2%2Fproduct_brand&post=48"},{"taxonomy":"product_cat","embeddable":true,"href":"https:\/\/kuyumcukesesi.com\/index.php?rest_route=%2Fwp%2Fv2%2Fproduct_cat&post=48"},{"taxonomy":"product_tag","embeddable":true,"href":"https:\/\/kuyumcukesesi.com\/index.php?rest_route=%2Fwp%2Fv2%2Fproduct_tag&post=48"}],"curies":[{"name":"wp","href":"https:\/\/api.w.org\/{rel}","templated":true}]}}